{"id":6771,"date":"2024-04-22T16:41:27","date_gmt":"2024-04-22T15:41:27","guid":{"rendered":"https:\/\/www.thestradshop.com\/store\/?post_type=product&#038;p=6771"},"modified":"2025-09-03T11:32:55","modified_gmt":"2025-09-03T10:32:55","slug":"may-2025","status":"publish","type":"product","link":"https:\/\/www.thestradshop.com\/store\/thestrad\/may-2025\/","title":{"rendered":"May 2025"},"content":{"rendered":"<p><strong>Contents:<\/strong><\/p>\n<ul>\n<li><strong>PHILIPPE QUINT<\/strong> The US violinist has just released Milestones, an album of works with particularly personal meaning to him. He tells Rita Fernandes how it all came about<\/li>\n<li><strong>\u2018BARON D\u2019ERLANGER\u2019 GUARNERI \u2018DEL GES\u00d9\u2019 1732<\/strong> Florian Leonhard examines one of the lesser-known violins by the great luthier and explores the life of its namesake, the collector Fr\u00e9d\u00e9ric \u00c9mile d\u2019Erlanger<\/li>\n<li><strong>GEORGE ENESCU<\/strong> One of the best-known Romanian composers, he was also an accomplished violinist, pianist, conductor and pedagogue. Tully Potter looks back at his career<\/li>\n<li><strong>STRING TRIOS<\/strong> Jacqueline Vanasse speaks to members of the Goldberg, Arnold, Pasquier and Boccherini trios to discover what makes this musical form unique<\/li>\n<li><strong>SESSION REPORT<\/strong> US cellist Zlatomir Fung talks to Peter Quantrill about his new album based around operatic works by Jan\u00e1\u010dek, Wagner, Tchaikovsky and more<\/li>\n<li><strong>TONEWOOD SELECTION<\/strong> From density to stiffness, there are myriad variables that luthiers need to take into account. Jiri Povolny presents a guide to finding the best spruce for the job<\/li>\n<\/ul>\n<p><strong>Regulars:<\/strong><\/p>\n<ul>\n<li><strong>IN FOCUS<\/strong> Sean Bishop examines a 1753 viola by Carlo Antonio Testore<\/li>\n<li><strong>TRADE SECRETS<\/strong> Bow maker Sarah Bystrom gives her method for making pearl eyes<\/li>\n<li><strong>MY SPACE<\/strong> Wai Yong Tham of Singapore<\/li>\n<li><strong>MAKING MATTERS<\/strong> Interpreting the various symbols on 19th-century French bows<\/li>\n<li><strong>MASTERCLASS<\/strong> Tobias Feldmann on the first movement of Mozart\u2019s Violin Concerto no.4<\/li>\n<li><strong>TECHNIQUE<\/strong> US violinist Charles Castleman hands on tips about bow distribution<\/li>\n<li><strong>LIFE LESSONS<\/strong> Roberto D\u00edaz, president of the Curtis Institute of Music, gives his thoughts<\/li>\n<li><strong>OPINION<\/strong> Should violinists \u2013 and indeed other string players \u2013 be properly called \u2018bowists\u2019?<\/li>\n<li><strong>POSTCARD FROM GATESHEAD<\/strong> The Tertis and Aronowitz International Viola Competitions<\/li>\n<li><strong>FROM THE ARCHIVE<\/strong> From May 1925<\/li>\n<li><strong>SENTIMENTAL WORK<\/strong> Alina Ibragimova reveals her love for Schumann\u2019s Violin Sonata no.2<\/li>\n<\/ul>\n<p>&nbsp;<\/p>\n","protected":false},"excerpt":{"rendered":"<p>US violinist Philippe Quint discusses his new album and we examine the 1732 \u2018Baron d\u2019Erlanger\u2019 violin by Guarneri \u2018del Ges\u00f9\u2019. There\u2019s a look at string trios and the life of George Enescu, and Alina Ibragimova reveals her Sentimental Work. Plus a Mozart Masterclass with Tobias Feldmann.<\/p>\n<p><strong><a href=\"https:\/\/www.thestrad.com\/magazine\" target=\"_blank\" rel=\"noopener\">Read more<\/a> in The Strad<\/strong><\/p>\n<p><a href=\"https:\/\/www.thestradshop.com\/store\/subscriptions\/\" target=\"_blank\" rel=\"noopener\"><img loading=\"lazy\" decoding=\"async\" class=\"alignnone wp-image-6774 size-large\" src=\"https:\/\/www.thestradshop.com\/store\/wp-content\/uploads\/2025\/04\/2_Banner-1500x300-Subscribe-1024x205.jpg\" alt=\"\" width=\"1024\" height=\"205\" srcset=\"https:\/\/www.thestradshop.com\/store\/wp-content\/uploads\/2025\/04\/2_Banner-1500x300-Subscribe-1024x205.jpg 1024w, https:\/\/www.thestradshop.com\/store\/wp-content\/uploads\/2025\/04\/2_Banner-1500x300-Subscribe-300x60.jpg 300w, https:\/\/www.thestradshop.com\/store\/wp-content\/uploads\/2025\/04\/2_Banner-1500x300-Subscribe-768x154.jpg 768w, https:\/\/www.thestradshop.com\/store\/wp-content\/uploads\/2025\/04\/2_Banner-1500x300-Subscribe-1536x307.jpg 1536w, https:\/\/www.thestradshop.com\/store\/wp-content\/uploads\/2025\/04\/2_Banner-1500x300-Subscribe-2048x410.jpg 2048w, https:\/\/www.thestradshop.com\/store\/wp-content\/uploads\/2025\/04\/2_Banner-1500x300-Subscribe-600x120.jpg 600w\" sizes=\"auto, (max-width: 1024px) 100vw, 1024px\" \/><\/a><\/p>\n<p>&nbsp;<\/p>\n","protected":false},"featured_media":6773,"comment_status":"closed","ping_status":"closed","template":"","meta":[],"product_brand":[],"product_cat":[108,113],"product_tag":[],"class_list":{"0":"post-6771","1":"product","2":"type-product","3":"status-publish","4":"has-post-thumbnail","6":"product_cat-the-strad-merchandise","7":"product_cat-the-strad-merchandise-single-issue","8":"product_shipping_class-the-strad-standard","10":"first","11":"instock","12":"purchasable","13":"product-type-simple"},"bundled_by":[],"bundle_stock_status":"instock","bundle_stock_quantity":246,"bundle_virtual":false,"bundle_layout":"","bundle_add_to_cart_form_location":"","bundle_editable_in_cart":false,"bundle_sold_individually_context":"","bundle_item_grouping":"","bundle_min_size":"","bundle_max_size":"","bundle_price":[],"bundled_items":[],"bundle_sell_ids":[],"yoast_head":"<!-- This site is optimized with the Yoast SEO plugin v27.2 - https:\/\/yoast.com\/product\/yoast-seo-wordpress\/ -->\n<title>May 2025 - The Strad Shop<\/title>\n<meta name=\"description\" content=\"US violinist Philippe Quint discusses his new album and we examine the 1732 \u2018Baron d\u2019Erlanger\u2019 violin by Guarneri \u2018del Ges\u00f9\u2019. There\u2019s a look at string trios and the life of George Enescu, and Alina Ibragimova reveals her Sentimental Work. Plus a Mozart Masterclass with Tobias Feldmann.\" \/>\n<meta name=\"robots\" content=\"index, follow, max-snippet:-1, max-image-preview:large, max-video-preview:-1\" \/>\n<link rel=\"canonical\" href=\"https:\/\/www.thestradshop.com\/store\/thestrad\/may-2025\/\" \/>\n<meta property=\"og:locale\" content=\"en_GB\" \/>\n<meta property=\"og:type\" content=\"article\" \/>\n<meta property=\"og:title\" content=\"May 2025 - The Strad Shop\" \/>\n<meta property=\"og:description\" content=\"US violinist Philippe Quint discusses his new album and we examine the 1732 \u2018Baron d\u2019Erlanger\u2019 violin by Guarneri \u2018del Ges\u00f9\u2019. There\u2019s a look at string trios and the life of George Enescu, and Alina Ibragimova reveals her Sentimental Work. Plus a Mozart Masterclass with Tobias Feldmann.\" \/>\n<meta property=\"og:url\" content=\"https:\/\/www.thestradshop.com\/store\/thestrad\/may-2025\/\" \/>\n<meta property=\"og:site_name\" content=\"The Strad Shop\" \/>\n<meta property=\"article:publisher\" content=\"http:\/\/www.facebook.com\/pages\/The-Strad\/261337077226434\" \/>\n<meta property=\"article:modified_time\" content=\"2025-09-03T10:32:55+00:00\" \/>\n<meta property=\"og:image\" content=\"https:\/\/www.thestradshop.com\/store\/wp-content\/uploads\/2025\/04\/5_Front-Cover-780x780-2.jpg\" \/>\n\t<meta property=\"og:image:width\" content=\"1625\" \/>\n\t<meta property=\"og:image:height\" content=\"1625\" \/>\n\t<meta property=\"og:image:type\" content=\"image\/jpeg\" \/>\n<meta name=\"twitter:card\" content=\"summary_large_image\" \/>\n<meta name=\"twitter:site\" content=\"@TheStradMag\" \/>\n<meta name=\"twitter:label1\" content=\"Estimated reading time\" \/>\n\t<meta name=\"twitter:data1\" content=\"2 minutes\" \/>\n<script type=\"application\/ld+json\" class=\"yoast-schema-graph\">{\"@context\":\"https:\/\/schema.org\",\"@graph\":[{\"@type\":\"WebPage\",\"@id\":\"https:\/\/www.thestradshop.com\/store\/thestrad\/may-2025\/\",\"url\":\"https:\/\/www.thestradshop.com\/store\/thestrad\/may-2025\/\",\"name\":\"May 2025 - The Strad Shop\",\"isPartOf\":{\"@id\":\"https:\/\/www.thestradshop.com\/store\/#website\"},\"primaryImageOfPage\":{\"@id\":\"https:\/\/www.thestradshop.com\/store\/thestrad\/may-2025\/#primaryimage\"},\"image\":{\"@id\":\"https:\/\/www.thestradshop.com\/store\/thestrad\/may-2025\/#primaryimage\"},\"thumbnailUrl\":\"https:\/\/www.thestradshop.com\/store\/wp-content\/uploads\/2025\/04\/5_Front-Cover-780x780-2.jpg\",\"datePublished\":\"2024-04-22T15:41:27+00:00\",\"dateModified\":\"2025-09-03T10:32:55+00:00\",\"description\":\"US violinist Philippe Quint discusses his new album and we examine the 1732 \u2018Baron d\u2019Erlanger\u2019 violin by Guarneri \u2018del Ges\u00f9\u2019. There\u2019s a look at string trios and the life of George Enescu, and Alina Ibragimova reveals her Sentimental Work. Plus a Mozart Masterclass with Tobias Feldmann.\",\"breadcrumb\":{\"@id\":\"https:\/\/www.thestradshop.com\/store\/thestrad\/may-2025\/#breadcrumb\"},\"inLanguage\":\"en-GB\",\"potentialAction\":[{\"@type\":\"ReadAction\",\"target\":[\"https:\/\/www.thestradshop.com\/store\/thestrad\/may-2025\/\"]}]},{\"@type\":\"ImageObject\",\"inLanguage\":\"en-GB\",\"@id\":\"https:\/\/www.thestradshop.com\/store\/thestrad\/may-2025\/#primaryimage\",\"url\":\"https:\/\/www.thestradshop.com\/store\/wp-content\/uploads\/2025\/04\/5_Front-Cover-780x780-2.jpg\",\"contentUrl\":\"https:\/\/www.thestradshop.com\/store\/wp-content\/uploads\/2025\/04\/5_Front-Cover-780x780-2.jpg\",\"width\":1625,\"height\":1625},{\"@type\":\"BreadcrumbList\",\"@id\":\"https:\/\/www.thestradshop.com\/store\/thestrad\/may-2025\/#breadcrumb\",\"itemListElement\":[{\"@type\":\"ListItem\",\"position\":1,\"name\":\"Home\",\"item\":\"https:\/\/www.thestradshop.com\/store\/\"},{\"@type\":\"ListItem\",\"position\":2,\"name\":\"Explore our shop\",\"item\":\"https:\/\/www.thestradshop.com\/store\/\"},{\"@type\":\"ListItem\",\"position\":3,\"name\":\"May 2025\"}]},{\"@type\":\"WebSite\",\"@id\":\"https:\/\/www.thestradshop.com\/store\/#website\",\"url\":\"https:\/\/www.thestradshop.com\/store\/\",\"name\":\"The Strad Shop\",\"description\":\"The Strad\",\"publisher\":{\"@id\":\"https:\/\/www.thestradshop.com\/store\/#organization\"},\"potentialAction\":[{\"@type\":\"SearchAction\",\"target\":{\"@type\":\"EntryPoint\",\"urlTemplate\":\"https:\/\/www.thestradshop.com\/store\/?s={search_term_string}\"},\"query-input\":{\"@type\":\"PropertyValueSpecification\",\"valueRequired\":true,\"valueName\":\"search_term_string\"}}],\"inLanguage\":\"en-GB\"},{\"@type\":\"Organization\",\"@id\":\"https:\/\/www.thestradshop.com\/store\/#organization\",\"name\":\"The Strad\",\"url\":\"https:\/\/www.thestradshop.com\/store\/\",\"logo\":{\"@type\":\"ImageObject\",\"inLanguage\":\"en-GB\",\"@id\":\"https:\/\/www.thestradshop.com\/store\/#\/schema\/logo\/image\/\",\"url\":\"https:\/\/www.thestradshop.com\/store\/wp-content\/uploads\/2023\/05\/the-strad-shop-maintenance.png\",\"contentUrl\":\"https:\/\/www.thestradshop.com\/store\/wp-content\/uploads\/2023\/05\/the-strad-shop-maintenance.png\",\"width\":300,\"height\":62,\"caption\":\"The Strad\"},\"image\":{\"@id\":\"https:\/\/www.thestradshop.com\/store\/#\/schema\/logo\/image\/\"},\"sameAs\":[\"http:\/\/www.facebook.com\/pages\/The-Strad\/261337077226434\",\"https:\/\/x.com\/TheStradMag\",\"https:\/\/www.instagram.com\/the_strad_\/\",\"https:\/\/uk.linkedin.com\/company\/the-strad\"]}]}<\/script>\n<!-- \/ Yoast SEO plugin. -->","yoast_head_json":{"title":"May 2025 - The Strad Shop","description":"US violinist Philippe Quint discusses his new album and we examine the 1732 \u2018Baron d\u2019Erlanger\u2019 violin by Guarneri \u2018del Ges\u00f9\u2019. There\u2019s a look at string trios and the life of George Enescu, and Alina Ibragimova reveals her Sentimental Work. Plus a Mozart Masterclass with Tobias Feldmann.","robots":{"index":"index","follow":"follow","max-snippet":"max-snippet:-1","max-image-preview":"max-image-preview:large","max-video-preview":"max-video-preview:-1"},"canonical":"https:\/\/www.thestradshop.com\/store\/thestrad\/may-2025\/","og_locale":"en_GB","og_type":"article","og_title":"May 2025 - The Strad Shop","og_description":"US violinist Philippe Quint discusses his new album and we examine the 1732 \u2018Baron d\u2019Erlanger\u2019 violin by Guarneri \u2018del Ges\u00f9\u2019. There\u2019s a look at string trios and the life of George Enescu, and Alina Ibragimova reveals her Sentimental Work. Plus a Mozart Masterclass with Tobias Feldmann.","og_url":"https:\/\/www.thestradshop.com\/store\/thestrad\/may-2025\/","og_site_name":"The Strad Shop","article_publisher":"http:\/\/www.facebook.com\/pages\/The-Strad\/261337077226434","article_modified_time":"2025-09-03T10:32:55+00:00","og_image":[{"width":1625,"height":1625,"url":"https:\/\/www.thestradshop.com\/store\/wp-content\/uploads\/2025\/04\/5_Front-Cover-780x780-2.jpg","type":"image\/jpeg"}],"twitter_card":"summary_large_image","twitter_site":"@TheStradMag","twitter_misc":{"Estimated reading time":"2 minutes"},"schema":{"@context":"https:\/\/schema.org","@graph":[{"@type":"WebPage","@id":"https:\/\/www.thestradshop.com\/store\/thestrad\/may-2025\/","url":"https:\/\/www.thestradshop.com\/store\/thestrad\/may-2025\/","name":"May 2025 - The Strad Shop","isPartOf":{"@id":"https:\/\/www.thestradshop.com\/store\/#website"},"primaryImageOfPage":{"@id":"https:\/\/www.thestradshop.com\/store\/thestrad\/may-2025\/#primaryimage"},"image":{"@id":"https:\/\/www.thestradshop.com\/store\/thestrad\/may-2025\/#primaryimage"},"thumbnailUrl":"https:\/\/www.thestradshop.com\/store\/wp-content\/uploads\/2025\/04\/5_Front-Cover-780x780-2.jpg","datePublished":"2024-04-22T15:41:27+00:00","dateModified":"2025-09-03T10:32:55+00:00","description":"US violinist Philippe Quint discusses his new album and we examine the 1732 \u2018Baron d\u2019Erlanger\u2019 violin by Guarneri \u2018del Ges\u00f9\u2019. There\u2019s a look at string trios and the life of George Enescu, and Alina Ibragimova reveals her Sentimental Work. Plus a Mozart Masterclass with Tobias Feldmann.","breadcrumb":{"@id":"https:\/\/www.thestradshop.com\/store\/thestrad\/may-2025\/#breadcrumb"},"inLanguage":"en-GB","potentialAction":[{"@type":"ReadAction","target":["https:\/\/www.thestradshop.com\/store\/thestrad\/may-2025\/"]}]},{"@type":"ImageObject","inLanguage":"en-GB","@id":"https:\/\/www.thestradshop.com\/store\/thestrad\/may-2025\/#primaryimage","url":"https:\/\/www.thestradshop.com\/store\/wp-content\/uploads\/2025\/04\/5_Front-Cover-780x780-2.jpg","contentUrl":"https:\/\/www.thestradshop.com\/store\/wp-content\/uploads\/2025\/04\/5_Front-Cover-780x780-2.jpg","width":1625,"height":1625},{"@type":"BreadcrumbList","@id":"https:\/\/www.thestradshop.com\/store\/thestrad\/may-2025\/#breadcrumb","itemListElement":[{"@type":"ListItem","position":1,"name":"Home","item":"https:\/\/www.thestradshop.com\/store\/"},{"@type":"ListItem","position":2,"name":"Explore our shop","item":"https:\/\/www.thestradshop.com\/store\/"},{"@type":"ListItem","position":3,"name":"May 2025"}]},{"@type":"WebSite","@id":"https:\/\/www.thestradshop.com\/store\/#website","url":"https:\/\/www.thestradshop.com\/store\/","name":"The Strad Shop","description":"The Strad","publisher":{"@id":"https:\/\/www.thestradshop.com\/store\/#organization"},"potentialAction":[{"@type":"SearchAction","target":{"@type":"EntryPoint","urlTemplate":"https:\/\/www.thestradshop.com\/store\/?s={search_term_string}"},"query-input":{"@type":"PropertyValueSpecification","valueRequired":true,"valueName":"search_term_string"}}],"inLanguage":"en-GB"},{"@type":"Organization","@id":"https:\/\/www.thestradshop.com\/store\/#organization","name":"The Strad","url":"https:\/\/www.thestradshop.com\/store\/","logo":{"@type":"ImageObject","inLanguage":"en-GB","@id":"https:\/\/www.thestradshop.com\/store\/#\/schema\/logo\/image\/","url":"https:\/\/www.thestradshop.com\/store\/wp-content\/uploads\/2023\/05\/the-strad-shop-maintenance.png","contentUrl":"https:\/\/www.thestradshop.com\/store\/wp-content\/uploads\/2023\/05\/the-strad-shop-maintenance.png","width":300,"height":62,"caption":"The Strad"},"image":{"@id":"https:\/\/www.thestradshop.com\/store\/#\/schema\/logo\/image\/"},"sameAs":["http:\/\/www.facebook.com\/pages\/The-Strad\/261337077226434","https:\/\/x.com\/TheStradMag","https:\/\/www.instagram.com\/the_strad_\/","https:\/\/uk.linkedin.com\/company\/the-strad"]}]}},"_links":{"self":[{"href":"https:\/\/www.thestradshop.com\/store\/wp-json\/wp\/v2\/product\/6771","targetHints":{"allow":["GET"]}}],"collection":[{"href":"https:\/\/www.thestradshop.com\/store\/wp-json\/wp\/v2\/product"}],"about":[{"href":"https:\/\/www.thestradshop.com\/store\/wp-json\/wp\/v2\/types\/product"}],"replies":[{"embeddable":true,"href":"https:\/\/www.thestradshop.com\/store\/wp-json\/wp\/v2\/comments?post=6771"}],"wp:featuredmedia":[{"embeddable":true,"href":"https:\/\/www.thestradshop.com\/store\/wp-json\/wp\/v2\/media\/6773"}],"wp:attachment":[{"href":"https:\/\/www.thestradshop.com\/store\/wp-json\/wp\/v2\/media?parent=6771"}],"wp:term":[{"taxonomy":"product_brand","embeddable":true,"href":"https:\/\/www.thestradshop.com\/store\/wp-json\/wp\/v2\/product_brand?post=6771"},{"taxonomy":"product_cat","embeddable":true,"href":"https:\/\/www.thestradshop.com\/store\/wp-json\/wp\/v2\/product_cat?post=6771"},{"taxonomy":"product_tag","embeddable":true,"href":"https:\/\/www.thestradshop.com\/store\/wp-json\/wp\/v2\/product_tag?post=6771"}],"curies":[{"name":"wp","href":"https:\/\/api.w.org\/{rel}","templated":true}]}}