{"id":4361,"date":"2024-04-22T16:33:41","date_gmt":"2024-04-22T15:33:41","guid":{"rendered":"https:\/\/www.thestradshop.com\/store\/?post_type=product&#038;p=4361"},"modified":"2025-11-27T09:21:51","modified_gmt":"2025-11-27T09:21:51","slug":"august-2024","status":"publish","type":"product","link":"https:\/\/www.thestradshop.com\/store\/thestrad\/august-2024\/","title":{"rendered":"August 2024"},"content":{"rendered":"<p><strong>Contents:<\/strong><\/p>\n<ul>\n<li><strong>RACHEL PODGER<\/strong> The Baroque and Classical violinist chats to Tom Stewart about her playing, teaching and taking up a new role as the principal guest director of Tafelmusik<\/li>\n<li><strong>A STRADIVARIAN BOW<\/strong> Marie-\u00c8ve Geeraert and Jean-Philippe \u00c9chard present their evidence that a bow found at the Mus\u00e9e de la Musique in Paris was made in Stradivari\u2019s workshop<\/li>\n<li><strong>CELEBRATING CHRISTOPHER BUNTING<\/strong> Marking the centenary of the British cellist and pedagogue\u2019s birth, his daughter Philippa Bunting looks back at his life and considers his legacy to string players<\/li>\n<li><strong>SESSION REPORT<\/strong> Composer Ailbhe McDonagh and violinist Lynda O\u2019Connor tell Harry White about The Irish Four Seasons, a new work inspired by Vivaldi\u2019s famed concertos<\/li>\n<li><strong>DOUBLE BASS FOCUS<\/strong> The Strad team speaks to members of the next generation of double bassists, to discover how they\u2019re finding innovative ways to diversify their music making<\/li>\n<li><strong>POSITIONING THE F-HOLES<\/strong> Alvin Thomas King presents a geometrical method for modern-day luthiers, based on systems that might have been in use in 16th-century Cremona<\/li>\n<\/ul>\n<p><strong>Regulars:<\/strong><\/p>\n<ul>\n<li><strong>IN FOCUS<\/strong> A 1796 viola by Sebastian Dalinger<\/li>\n<li><strong>TRADE SECRETS<\/strong> Part two of Jenelle Steele\u2019s article on replacing a broken bow tip<\/li>\n<li><strong>MY SPACE<\/strong> Peter and Rory Boardman<\/li>\n<li><strong>MAKING MATTERS<\/strong> A look at the influential double bass bows of Vignerons p\u00e8re and fils<\/li>\n<li><strong>MASTERCLASS<\/strong> The second part of Alena Baeva\u2019s look at Schubert\u2019s Fantasy for violin and piano<\/li>\n<li><strong>TECHNIQUE<\/strong> Cellist Inbal Megiddo gives her thoughts on tension-free left-hand set-up<\/li>\n<li><strong>LIFE LESSONS<\/strong> The memories and opinions of British violinist Tasmin Little<\/li>\n<li><strong>OPINION<\/strong> There are many strategies to make learning less complex for beginner students<\/li>\n<li><strong>POSTCARD FROM BERGEN<\/strong> A report from the 2024 Bergen International Festival<\/li>\n<li><strong>FROM THE ARCHIVE<\/strong> Reminiscences of cellist Carlo Alfredo Piatti, from August 1924<\/li>\n<li><strong>SENTIMENTAL WORK<\/strong> Violinist Simone Lamsma on her love for the Britten Violin Concerto<\/li>\n<\/ul>\n","protected":false},"excerpt":{"rendered":"<p>We talk to Baroque violinist Rachel Podger and examine a bow that might possibly have come from Stradivari\u2019s workshop. There\u2019s a focus on the new generation of double bass players and a look back at the career of cello pedagogue Christopher Bunting. Plus Tasmin Little\u2019s Life Lessons and Simone Lamsma\u2019s Sentimental Work.<\/p>\n<p><strong><a href=\"https:\/\/www.thestrad.com\/magazine\" target=\"_blank\" rel=\"noopener\">Read more<\/a> in The Strad<\/strong><\/p>\n<p><a href=\"https:\/\/account.thestrad.com\/subscribe?Sourcecode=TSPO2019&amp;campaigncode=TSSHOP\"><img loading=\"lazy\" decoding=\"async\" class=\"alignnone wp-image-4363 size-large\" src=\"https:\/\/www.thestradshop.com\/store\/wp-content\/uploads\/2024\/07\/2_Banner-1500x300-Subscribe-1024x205.jpg\" alt=\"\" width=\"1024\" height=\"205\" srcset=\"https:\/\/www.thestradshop.com\/store\/wp-content\/uploads\/2024\/07\/2_Banner-1500x300-Subscribe-1024x205.jpg 1024w, https:\/\/www.thestradshop.com\/store\/wp-content\/uploads\/2024\/07\/2_Banner-1500x300-Subscribe-300x60.jpg 300w, https:\/\/www.thestradshop.com\/store\/wp-content\/uploads\/2024\/07\/2_Banner-1500x300-Subscribe-768x154.jpg 768w, https:\/\/www.thestradshop.com\/store\/wp-content\/uploads\/2024\/07\/2_Banner-1500x300-Subscribe-1536x307.jpg 1536w, https:\/\/www.thestradshop.com\/store\/wp-content\/uploads\/2024\/07\/2_Banner-1500x300-Subscribe-2048x410.jpg 2048w, https:\/\/www.thestradshop.com\/store\/wp-content\/uploads\/2024\/07\/2_Banner-1500x300-Subscribe-600x120.jpg 600w\" sizes=\"auto, (max-width: 1024px) 100vw, 1024px\" \/><\/a><\/p>\n<p>&nbsp;<\/p>\n","protected":false},"featured_media":4362,"comment_status":"closed","ping_status":"closed","template":"","meta":[],"product_brand":[],"product_cat":[108,113],"product_tag":[],"class_list":{"0":"post-4361","1":"product","2":"type-product","3":"status-publish","4":"has-post-thumbnail","6":"product_cat-the-strad-merchandise","7":"product_cat-the-strad-merchandise-single-issue","8":"product_shipping_class-the-strad-standard","10":"first","11":"instock","12":"purchasable","13":"product-type-simple"},"bundled_by":[],"bundle_stock_status":"instock","bundle_stock_quantity":217,"bundle_virtual":false,"bundle_layout":"","bundle_add_to_cart_form_location":"","bundle_editable_in_cart":false,"bundle_sold_individually_context":"","bundle_item_grouping":"","bundle_min_size":"","bundle_max_size":"","bundle_price":[],"bundled_items":[],"bundle_sell_ids":[],"yoast_head":"<!-- This site is optimized with the Yoast SEO plugin v27.2 - https:\/\/yoast.com\/product\/yoast-seo-wordpress\/ -->\n<title>August 2024 - The Strad Shop<\/title>\n<meta name=\"description\" content=\"We talk to Baroque violinist Rachel Podger and examine a bow that might possibly have come from Stradivari\u2019s workshop. There\u2019s a focus on the new generation of double bass players and a look back at the career of cello pedagogue Christopher Bunting. Plus Tasmin Little\u2019s Life Lessons and Simone Lamsma\u2019s Sentimental Work.\" \/>\n<meta name=\"robots\" content=\"index, follow, max-snippet:-1, max-image-preview:large, max-video-preview:-1\" \/>\n<link rel=\"canonical\" href=\"https:\/\/www.thestradshop.com\/store\/thestrad\/august-2024\/\" \/>\n<meta property=\"og:locale\" content=\"en_GB\" \/>\n<meta property=\"og:type\" content=\"article\" \/>\n<meta property=\"og:title\" content=\"August 2024 - The Strad Shop\" \/>\n<meta property=\"og:description\" content=\"We talk to Baroque violinist Rachel Podger and examine a bow that might possibly have come from Stradivari\u2019s workshop. There\u2019s a focus on the new generation of double bass players and a look back at the career of cello pedagogue Christopher Bunting. Plus Tasmin Little\u2019s Life Lessons and Simone Lamsma\u2019s Sentimental Work.\" \/>\n<meta property=\"og:url\" content=\"https:\/\/www.thestradshop.com\/store\/thestrad\/august-2024\/\" \/>\n<meta property=\"og:site_name\" content=\"The Strad Shop\" \/>\n<meta property=\"article:publisher\" content=\"http:\/\/www.facebook.com\/pages\/The-Strad\/261337077226434\" \/>\n<meta property=\"article:modified_time\" content=\"2025-11-27T09:21:51+00:00\" \/>\n<meta property=\"og:image\" content=\"https:\/\/www.thestradshop.com\/store\/wp-content\/uploads\/2024\/07\/5_Front-Cover-780x780-1-scaled.jpg\" \/>\n\t<meta property=\"og:image:width\" content=\"2560\" \/>\n\t<meta property=\"og:image:height\" content=\"2560\" \/>\n\t<meta property=\"og:image:type\" content=\"image\/jpeg\" \/>\n<meta name=\"twitter:card\" content=\"summary_large_image\" \/>\n<meta name=\"twitter:site\" content=\"@TheStradMag\" \/>\n<meta name=\"twitter:label1\" content=\"Estimated reading time\" \/>\n\t<meta name=\"twitter:data1\" content=\"2 minutes\" \/>\n<script type=\"application\/ld+json\" class=\"yoast-schema-graph\">{\"@context\":\"https:\/\/schema.org\",\"@graph\":[{\"@type\":\"WebPage\",\"@id\":\"https:\/\/www.thestradshop.com\/store\/thestrad\/august-2024\/\",\"url\":\"https:\/\/www.thestradshop.com\/store\/thestrad\/august-2024\/\",\"name\":\"August 2024 - The Strad Shop\",\"isPartOf\":{\"@id\":\"https:\/\/www.thestradshop.com\/store\/#website\"},\"primaryImageOfPage\":{\"@id\":\"https:\/\/www.thestradshop.com\/store\/thestrad\/august-2024\/#primaryimage\"},\"image\":{\"@id\":\"https:\/\/www.thestradshop.com\/store\/thestrad\/august-2024\/#primaryimage\"},\"thumbnailUrl\":\"https:\/\/www.thestradshop.com\/store\/wp-content\/uploads\/2024\/07\/5_Front-Cover-780x780-1-scaled.jpg\",\"datePublished\":\"2024-04-22T15:33:41+00:00\",\"dateModified\":\"2025-11-27T09:21:51+00:00\",\"description\":\"We talk to Baroque violinist Rachel Podger and examine a bow that might possibly have come from Stradivari\u2019s workshop. There\u2019s a focus on the new generation of double bass players and a look back at the career of cello pedagogue Christopher Bunting. Plus Tasmin Little\u2019s Life Lessons and Simone Lamsma\u2019s Sentimental Work.\",\"breadcrumb\":{\"@id\":\"https:\/\/www.thestradshop.com\/store\/thestrad\/august-2024\/#breadcrumb\"},\"inLanguage\":\"en-GB\",\"potentialAction\":[{\"@type\":\"ReadAction\",\"target\":[\"https:\/\/www.thestradshop.com\/store\/thestrad\/august-2024\/\"]}]},{\"@type\":\"ImageObject\",\"inLanguage\":\"en-GB\",\"@id\":\"https:\/\/www.thestradshop.com\/store\/thestrad\/august-2024\/#primaryimage\",\"url\":\"https:\/\/www.thestradshop.com\/store\/wp-content\/uploads\/2024\/07\/5_Front-Cover-780x780-1-scaled.jpg\",\"contentUrl\":\"https:\/\/www.thestradshop.com\/store\/wp-content\/uploads\/2024\/07\/5_Front-Cover-780x780-1-scaled.jpg\",\"width\":2560,\"height\":2560},{\"@type\":\"BreadcrumbList\",\"@id\":\"https:\/\/www.thestradshop.com\/store\/thestrad\/august-2024\/#breadcrumb\",\"itemListElement\":[{\"@type\":\"ListItem\",\"position\":1,\"name\":\"Home\",\"item\":\"https:\/\/www.thestradshop.com\/store\/\"},{\"@type\":\"ListItem\",\"position\":2,\"name\":\"Explore our shop\",\"item\":\"https:\/\/www.thestradshop.com\/store\/\"},{\"@type\":\"ListItem\",\"position\":3,\"name\":\"August 2024\"}]},{\"@type\":\"WebSite\",\"@id\":\"https:\/\/www.thestradshop.com\/store\/#website\",\"url\":\"https:\/\/www.thestradshop.com\/store\/\",\"name\":\"The Strad Shop\",\"description\":\"The Strad\",\"publisher\":{\"@id\":\"https:\/\/www.thestradshop.com\/store\/#organization\"},\"potentialAction\":[{\"@type\":\"SearchAction\",\"target\":{\"@type\":\"EntryPoint\",\"urlTemplate\":\"https:\/\/www.thestradshop.com\/store\/?s={search_term_string}\"},\"query-input\":{\"@type\":\"PropertyValueSpecification\",\"valueRequired\":true,\"valueName\":\"search_term_string\"}}],\"inLanguage\":\"en-GB\"},{\"@type\":\"Organization\",\"@id\":\"https:\/\/www.thestradshop.com\/store\/#organization\",\"name\":\"The Strad\",\"url\":\"https:\/\/www.thestradshop.com\/store\/\",\"logo\":{\"@type\":\"ImageObject\",\"inLanguage\":\"en-GB\",\"@id\":\"https:\/\/www.thestradshop.com\/store\/#\/schema\/logo\/image\/\",\"url\":\"https:\/\/www.thestradshop.com\/store\/wp-content\/uploads\/2023\/05\/the-strad-shop-maintenance.png\",\"contentUrl\":\"https:\/\/www.thestradshop.com\/store\/wp-content\/uploads\/2023\/05\/the-strad-shop-maintenance.png\",\"width\":300,\"height\":62,\"caption\":\"The Strad\"},\"image\":{\"@id\":\"https:\/\/www.thestradshop.com\/store\/#\/schema\/logo\/image\/\"},\"sameAs\":[\"http:\/\/www.facebook.com\/pages\/The-Strad\/261337077226434\",\"https:\/\/x.com\/TheStradMag\",\"https:\/\/www.instagram.com\/the_strad_\/\",\"https:\/\/uk.linkedin.com\/company\/the-strad\"]}]}<\/script>\n<!-- \/ Yoast SEO plugin. -->","yoast_head_json":{"title":"August 2024 - The Strad Shop","description":"We talk to Baroque violinist Rachel Podger and examine a bow that might possibly have come from Stradivari\u2019s workshop. There\u2019s a focus on the new generation of double bass players and a look back at the career of cello pedagogue Christopher Bunting. Plus Tasmin Little\u2019s Life Lessons and Simone Lamsma\u2019s Sentimental Work.","robots":{"index":"index","follow":"follow","max-snippet":"max-snippet:-1","max-image-preview":"max-image-preview:large","max-video-preview":"max-video-preview:-1"},"canonical":"https:\/\/www.thestradshop.com\/store\/thestrad\/august-2024\/","og_locale":"en_GB","og_type":"article","og_title":"August 2024 - The Strad Shop","og_description":"We talk to Baroque violinist Rachel Podger and examine a bow that might possibly have come from Stradivari\u2019s workshop. There\u2019s a focus on the new generation of double bass players and a look back at the career of cello pedagogue Christopher Bunting. Plus Tasmin Little\u2019s Life Lessons and Simone Lamsma\u2019s Sentimental Work.","og_url":"https:\/\/www.thestradshop.com\/store\/thestrad\/august-2024\/","og_site_name":"The Strad Shop","article_publisher":"http:\/\/www.facebook.com\/pages\/The-Strad\/261337077226434","article_modified_time":"2025-11-27T09:21:51+00:00","og_image":[{"width":2560,"height":2560,"url":"https:\/\/www.thestradshop.com\/store\/wp-content\/uploads\/2024\/07\/5_Front-Cover-780x780-1-scaled.jpg","type":"image\/jpeg"}],"twitter_card":"summary_large_image","twitter_site":"@TheStradMag","twitter_misc":{"Estimated reading time":"2 minutes"},"schema":{"@context":"https:\/\/schema.org","@graph":[{"@type":"WebPage","@id":"https:\/\/www.thestradshop.com\/store\/thestrad\/august-2024\/","url":"https:\/\/www.thestradshop.com\/store\/thestrad\/august-2024\/","name":"August 2024 - The Strad Shop","isPartOf":{"@id":"https:\/\/www.thestradshop.com\/store\/#website"},"primaryImageOfPage":{"@id":"https:\/\/www.thestradshop.com\/store\/thestrad\/august-2024\/#primaryimage"},"image":{"@id":"https:\/\/www.thestradshop.com\/store\/thestrad\/august-2024\/#primaryimage"},"thumbnailUrl":"https:\/\/www.thestradshop.com\/store\/wp-content\/uploads\/2024\/07\/5_Front-Cover-780x780-1-scaled.jpg","datePublished":"2024-04-22T15:33:41+00:00","dateModified":"2025-11-27T09:21:51+00:00","description":"We talk to Baroque violinist Rachel Podger and examine a bow that might possibly have come from Stradivari\u2019s workshop. There\u2019s a focus on the new generation of double bass players and a look back at the career of cello pedagogue Christopher Bunting. Plus Tasmin Little\u2019s Life Lessons and Simone Lamsma\u2019s Sentimental Work.","breadcrumb":{"@id":"https:\/\/www.thestradshop.com\/store\/thestrad\/august-2024\/#breadcrumb"},"inLanguage":"en-GB","potentialAction":[{"@type":"ReadAction","target":["https:\/\/www.thestradshop.com\/store\/thestrad\/august-2024\/"]}]},{"@type":"ImageObject","inLanguage":"en-GB","@id":"https:\/\/www.thestradshop.com\/store\/thestrad\/august-2024\/#primaryimage","url":"https:\/\/www.thestradshop.com\/store\/wp-content\/uploads\/2024\/07\/5_Front-Cover-780x780-1-scaled.jpg","contentUrl":"https:\/\/www.thestradshop.com\/store\/wp-content\/uploads\/2024\/07\/5_Front-Cover-780x780-1-scaled.jpg","width":2560,"height":2560},{"@type":"BreadcrumbList","@id":"https:\/\/www.thestradshop.com\/store\/thestrad\/august-2024\/#breadcrumb","itemListElement":[{"@type":"ListItem","position":1,"name":"Home","item":"https:\/\/www.thestradshop.com\/store\/"},{"@type":"ListItem","position":2,"name":"Explore our shop","item":"https:\/\/www.thestradshop.com\/store\/"},{"@type":"ListItem","position":3,"name":"August 2024"}]},{"@type":"WebSite","@id":"https:\/\/www.thestradshop.com\/store\/#website","url":"https:\/\/www.thestradshop.com\/store\/","name":"The Strad Shop","description":"The Strad","publisher":{"@id":"https:\/\/www.thestradshop.com\/store\/#organization"},"potentialAction":[{"@type":"SearchAction","target":{"@type":"EntryPoint","urlTemplate":"https:\/\/www.thestradshop.com\/store\/?s={search_term_string}"},"query-input":{"@type":"PropertyValueSpecification","valueRequired":true,"valueName":"search_term_string"}}],"inLanguage":"en-GB"},{"@type":"Organization","@id":"https:\/\/www.thestradshop.com\/store\/#organization","name":"The Strad","url":"https:\/\/www.thestradshop.com\/store\/","logo":{"@type":"ImageObject","inLanguage":"en-GB","@id":"https:\/\/www.thestradshop.com\/store\/#\/schema\/logo\/image\/","url":"https:\/\/www.thestradshop.com\/store\/wp-content\/uploads\/2023\/05\/the-strad-shop-maintenance.png","contentUrl":"https:\/\/www.thestradshop.com\/store\/wp-content\/uploads\/2023\/05\/the-strad-shop-maintenance.png","width":300,"height":62,"caption":"The Strad"},"image":{"@id":"https:\/\/www.thestradshop.com\/store\/#\/schema\/logo\/image\/"},"sameAs":["http:\/\/www.facebook.com\/pages\/The-Strad\/261337077226434","https:\/\/x.com\/TheStradMag","https:\/\/www.instagram.com\/the_strad_\/","https:\/\/uk.linkedin.com\/company\/the-strad"]}]}},"_links":{"self":[{"href":"https:\/\/www.thestradshop.com\/store\/wp-json\/wp\/v2\/product\/4361","targetHints":{"allow":["GET"]}}],"collection":[{"href":"https:\/\/www.thestradshop.com\/store\/wp-json\/wp\/v2\/product"}],"about":[{"href":"https:\/\/www.thestradshop.com\/store\/wp-json\/wp\/v2\/types\/product"}],"replies":[{"embeddable":true,"href":"https:\/\/www.thestradshop.com\/store\/wp-json\/wp\/v2\/comments?post=4361"}],"wp:featuredmedia":[{"embeddable":true,"href":"https:\/\/www.thestradshop.com\/store\/wp-json\/wp\/v2\/media\/4362"}],"wp:attachment":[{"href":"https:\/\/www.thestradshop.com\/store\/wp-json\/wp\/v2\/media?parent=4361"}],"wp:term":[{"taxonomy":"product_brand","embeddable":true,"href":"https:\/\/www.thestradshop.com\/store\/wp-json\/wp\/v2\/product_brand?post=4361"},{"taxonomy":"product_cat","embeddable":true,"href":"https:\/\/www.thestradshop.com\/store\/wp-json\/wp\/v2\/product_cat?post=4361"},{"taxonomy":"product_tag","embeddable":true,"href":"https:\/\/www.thestradshop.com\/store\/wp-json\/wp\/v2\/product_tag?post=4361"}],"curies":[{"name":"wp","href":"https:\/\/api.w.org\/{rel}","templated":true}]}}