{"id":417,"date":"2022-07-15T15:16:27","date_gmt":"2022-07-15T14:16:27","guid":{"rendered":"https:\/\/dev.thestradshop.com\/store\/product\/armingaud-fernandez-blanco-guarneri-del-gesu-violin-1732-poster-folded-version\/"},"modified":"2026-03-14T04:41:15","modified_gmt":"2026-03-14T04:41:15","slug":"armingaud-fernandez-blanco-guarneri-del-gesu-violin-1732-poster-folded-version","status":"publish","type":"product","link":"https:\/\/www.thestradshop.com\/store\/thestrad\/armingaud-fernandez-blanco-guarneri-del-gesu-violin-1732-poster-folded-version\/","title":{"rendered":"&#8216;Armingaud, Fern\u00e1ndez Blanco&#8217; Guarneri &#8216;del Ges\u00f9&#8217; violin 1732 poster &#8211; FOLDED VERSION"},"content":{"rendered":"<p>An extraordinarily well-preserved violin from Guarneri&#8217;s middle period, the &#8216;Armingaud, Fern\u00e1ndez Blanco&#8217; languished for decades untouched until its rediscovery in a Buenos Aires wardrobe. The quality of its varnish and workmanship are exceptional.<\/p>\n<p><em>&#8216;The &#8220;Armingaud, Fern\u00e1ndez Blanco&#8221; is so well preserved that we can learn a great deal about the maker from it&#8217;<\/em> \u2013 Fr\u00e9d\u00e9ric Chaudi\u00e8re in the November 2017 edition of <em>The Strad.<\/em><\/p>\n<p>Our rolled <a href=\"https:\/\/www.thestradshop.com\/store\/product-category\/the-strad-merchandise\/the-strad-merchandise-posters\/\">posters<\/a> are shipped separately from other products. One tube can hold up to 10 posters. Save on postage costs by <a href=\"https:\/\/www.thestradshop.com\/store\/product-category\/the-strad-merchandise\/the-strad-merchandise-posters\/\">purchasing up to 10 posters<\/a> per tube today.<\/p>\n<p>FOLDED VERSION<\/p>\n<p>&nbsp;<\/p>\n<p><a href=\"https:\/\/www.thestradshop.com\/store\/subscriptions\/\" target=\"_blank\" rel=\"noopener\">Subscribe to The Strad<\/a> and receive 2 free posters per year<\/p>\n","protected":false},"excerpt":{"rendered":"<p>An extraordinarily well-preserved violin from Guarneri&#8217;s middle period, the &#8216;Armingaud, Fern\u00e1ndez Blanco&#8217; languished for decades untouched until its rediscovery in a Buenos Aires wardrobe. The quality of its varnish and workmanship are exceptional.<\/p>\n<p><em>&#8216;The &#8220;Armingaud, Fern\u00e1ndez Blanco&#8221; is so well preserved that we can learn a great deal about the maker from it&#8217;<\/em> \u2013 Fr\u00e9d\u00e9ric Chaudi\u00e8re in the November 2017 edition of <em>The Strad.<\/em><\/p>\n<p>***Don&#8217;t miss our NEW <a href=\"https:\/\/www.thestradshop.com\/store\/thestrad\/folded-poster-tailored-bundle\/\" target=\"_blank\" rel=\"noopener\">Folded Poster Tailored Bundle.<\/a> Choose any two or more of The Strad\u2019s folded posters and pay just \u00a39.99 for each. <a href=\"https:\/\/www.instagram.com\/reel\/C6yzlYKIrIk\/?utm_source=ig_web_copy_link&amp;igsh=MzRlODBiNWFlZA==\" target=\"_blank\" rel=\"noopener\">Watch a video of the selection here<\/a>***<\/p>\n","protected":false},"featured_media":530,"comment_status":"closed","ping_status":"closed","template":"","meta":[],"product_brand":[],"product_cat":[163,108,112,155,92,96,16],"product_tag":[129,130,131,132],"class_list":{"0":"post-417","1":"product","2":"type-product","3":"status-publish","4":"has-post-thumbnail","6":"product_cat-violin-poster","7":"product_cat-the-strad-merchandise","8":"product_cat-the-strad-merchandise-posters","9":"product_cat-folded-posters","10":"product_cat-lutherie","11":"product_cat-lutherie-posters","12":"product_cat-violin","13":"product_tag-del-gesu","14":"product_tag-guarneri","15":"product_tag-poster","16":"product_tag-violin","17":"product_shipping_class-the-strad-standard","19":"first","20":"instock","21":"taxable","22":"shipping-taxable","23":"purchasable","24":"product-type-simple"},"bundled_by":[],"bundle_stock_status":"instock","bundle_stock_quantity":225,"bundle_virtual":false,"bundle_layout":"","bundle_add_to_cart_form_location":"","bundle_editable_in_cart":false,"bundle_sold_individually_context":"","bundle_item_grouping":"","bundle_min_size":"","bundle_max_size":"","bundle_price":[],"bundled_items":[],"bundle_sell_ids":[],"yoast_head":"<!-- This site is optimized with the Yoast SEO plugin v27.2 - https:\/\/yoast.com\/product\/yoast-seo-wordpress\/ -->\n<title>&#039;Armingaud, Fern\u00e1ndez Blanco&#039; Guarneri &#039;del Ges\u00f9&#039; violin 1732 poster - FOLDED VERSION<\/title>\n<meta name=\"description\" content=\"&#039;Armingaud, Fern\u00e1ndez Blanco&#039; Guarneri &#039;del Ges\u00f9&#039; violin 1732 poster FOLDED VERSION\" \/>\n<meta name=\"robots\" content=\"index, follow, max-snippet:-1, max-image-preview:large, max-video-preview:-1\" \/>\n<link rel=\"canonical\" href=\"https:\/\/www.thestradshop.com\/store\/thestrad\/armingaud-fernandez-blanco-guarneri-del-gesu-violin-1732-poster-folded-version\/\" \/>\n<meta property=\"og:locale\" content=\"en_GB\" \/>\n<meta property=\"og:type\" content=\"article\" \/>\n<meta property=\"og:title\" content=\"&#039;Armingaud, Fern\u00e1ndez Blanco&#039; Guarneri &#039;del Ges\u00f9&#039; violin 1732 poster - FOLDED VERSION\" \/>\n<meta property=\"og:description\" content=\"&#039;Armingaud, Fern\u00e1ndez Blanco&#039; Guarneri &#039;del Ges\u00f9&#039; violin 1732 poster FOLDED VERSION\" \/>\n<meta property=\"og:url\" content=\"https:\/\/www.thestradshop.com\/store\/thestrad\/armingaud-fernandez-blanco-guarneri-del-gesu-violin-1732-poster-folded-version\/\" \/>\n<meta property=\"og:site_name\" content=\"The Strad Shop\" \/>\n<meta property=\"article:publisher\" content=\"http:\/\/www.facebook.com\/pages\/The-Strad\/261337077226434\" \/>\n<meta property=\"article:modified_time\" content=\"2026-03-14T04:41:15+00:00\" \/>\n<meta property=\"og:image\" content=\"https:\/\/www.thestradshop.com\/store\/wp-content\/uploads\/2022\/07\/del-gusu-1732.jpg\" \/>\n\t<meta property=\"og:image:width\" content=\"800\" \/>\n\t<meta property=\"og:image:height\" content=\"800\" \/>\n\t<meta property=\"og:image:type\" content=\"image\/jpeg\" \/>\n<meta name=\"twitter:card\" content=\"summary_large_image\" \/>\n<meta name=\"twitter:site\" content=\"@TheStradMag\" \/>\n<meta name=\"twitter:label1\" content=\"Estimated reading time\" \/>\n\t<meta name=\"twitter:data1\" content=\"1 minute\" \/>\n<script type=\"application\/ld+json\" class=\"yoast-schema-graph\">{\"@context\":\"https:\/\/schema.org\",\"@graph\":[{\"@type\":\"WebPage\",\"@id\":\"https:\/\/www.thestradshop.com\/store\/thestrad\/armingaud-fernandez-blanco-guarneri-del-gesu-violin-1732-poster-folded-version\/\",\"url\":\"https:\/\/www.thestradshop.com\/store\/thestrad\/armingaud-fernandez-blanco-guarneri-del-gesu-violin-1732-poster-folded-version\/\",\"name\":\"'Armingaud, Fern\u00e1ndez Blanco' Guarneri 'del Ges\u00f9' violin 1732 poster - FOLDED VERSION\",\"isPartOf\":{\"@id\":\"https:\/\/www.thestradshop.com\/store\/#website\"},\"primaryImageOfPage\":{\"@id\":\"https:\/\/www.thestradshop.com\/store\/thestrad\/armingaud-fernandez-blanco-guarneri-del-gesu-violin-1732-poster-folded-version\/#primaryimage\"},\"image\":{\"@id\":\"https:\/\/www.thestradshop.com\/store\/thestrad\/armingaud-fernandez-blanco-guarneri-del-gesu-violin-1732-poster-folded-version\/#primaryimage\"},\"thumbnailUrl\":\"https:\/\/www.thestradshop.com\/store\/wp-content\/uploads\/2022\/07\/del-gusu-1732.jpg\",\"datePublished\":\"2022-07-15T14:16:27+00:00\",\"dateModified\":\"2026-03-14T04:41:15+00:00\",\"description\":\"'Armingaud, Fern\u00e1ndez Blanco' Guarneri 'del Ges\u00f9' violin 1732 poster FOLDED VERSION\",\"breadcrumb\":{\"@id\":\"https:\/\/www.thestradshop.com\/store\/thestrad\/armingaud-fernandez-blanco-guarneri-del-gesu-violin-1732-poster-folded-version\/#breadcrumb\"},\"inLanguage\":\"en-GB\",\"potentialAction\":[{\"@type\":\"ReadAction\",\"target\":[\"https:\/\/www.thestradshop.com\/store\/thestrad\/armingaud-fernandez-blanco-guarneri-del-gesu-violin-1732-poster-folded-version\/\"]}]},{\"@type\":\"ImageObject\",\"inLanguage\":\"en-GB\",\"@id\":\"https:\/\/www.thestradshop.com\/store\/thestrad\/armingaud-fernandez-blanco-guarneri-del-gesu-violin-1732-poster-folded-version\/#primaryimage\",\"url\":\"https:\/\/www.thestradshop.com\/store\/wp-content\/uploads\/2022\/07\/del-gusu-1732.jpg\",\"contentUrl\":\"https:\/\/www.thestradshop.com\/store\/wp-content\/uploads\/2022\/07\/del-gusu-1732.jpg\",\"width\":800,\"height\":800},{\"@type\":\"BreadcrumbList\",\"@id\":\"https:\/\/www.thestradshop.com\/store\/thestrad\/armingaud-fernandez-blanco-guarneri-del-gesu-violin-1732-poster-folded-version\/#breadcrumb\",\"itemListElement\":[{\"@type\":\"ListItem\",\"position\":1,\"name\":\"Home\",\"item\":\"https:\/\/www.thestradshop.com\/store\/\"},{\"@type\":\"ListItem\",\"position\":2,\"name\":\"Explore our shop\",\"item\":\"https:\/\/www.thestradshop.com\/store\/\"},{\"@type\":\"ListItem\",\"position\":3,\"name\":\"&#8216;Armingaud, Fern\u00e1ndez Blanco&#8217; Guarneri &#8216;del Ges\u00f9&#8217; violin 1732 poster &#8211; FOLDED VERSION\"}]},{\"@type\":\"WebSite\",\"@id\":\"https:\/\/www.thestradshop.com\/store\/#website\",\"url\":\"https:\/\/www.thestradshop.com\/store\/\",\"name\":\"The Strad Shop\",\"description\":\"The Strad\",\"publisher\":{\"@id\":\"https:\/\/www.thestradshop.com\/store\/#organization\"},\"potentialAction\":[{\"@type\":\"SearchAction\",\"target\":{\"@type\":\"EntryPoint\",\"urlTemplate\":\"https:\/\/www.thestradshop.com\/store\/?s={search_term_string}\"},\"query-input\":{\"@type\":\"PropertyValueSpecification\",\"valueRequired\":true,\"valueName\":\"search_term_string\"}}],\"inLanguage\":\"en-GB\"},{\"@type\":\"Organization\",\"@id\":\"https:\/\/www.thestradshop.com\/store\/#organization\",\"name\":\"The Strad\",\"url\":\"https:\/\/www.thestradshop.com\/store\/\",\"logo\":{\"@type\":\"ImageObject\",\"inLanguage\":\"en-GB\",\"@id\":\"https:\/\/www.thestradshop.com\/store\/#\/schema\/logo\/image\/\",\"url\":\"https:\/\/www.thestradshop.com\/store\/wp-content\/uploads\/2023\/05\/the-strad-shop-maintenance.png\",\"contentUrl\":\"https:\/\/www.thestradshop.com\/store\/wp-content\/uploads\/2023\/05\/the-strad-shop-maintenance.png\",\"width\":300,\"height\":62,\"caption\":\"The Strad\"},\"image\":{\"@id\":\"https:\/\/www.thestradshop.com\/store\/#\/schema\/logo\/image\/\"},\"sameAs\":[\"http:\/\/www.facebook.com\/pages\/The-Strad\/261337077226434\",\"https:\/\/x.com\/TheStradMag\",\"https:\/\/www.instagram.com\/the_strad_\/\",\"https:\/\/uk.linkedin.com\/company\/the-strad\"]}]}<\/script>\n<!-- \/ Yoast SEO plugin. -->","yoast_head_json":{"title":"'Armingaud, Fern\u00e1ndez Blanco' Guarneri 'del Ges\u00f9' violin 1732 poster - FOLDED VERSION","description":"'Armingaud, Fern\u00e1ndez Blanco' Guarneri 'del Ges\u00f9' violin 1732 poster FOLDED VERSION","robots":{"index":"index","follow":"follow","max-snippet":"max-snippet:-1","max-image-preview":"max-image-preview:large","max-video-preview":"max-video-preview:-1"},"canonical":"https:\/\/www.thestradshop.com\/store\/thestrad\/armingaud-fernandez-blanco-guarneri-del-gesu-violin-1732-poster-folded-version\/","og_locale":"en_GB","og_type":"article","og_title":"'Armingaud, Fern\u00e1ndez Blanco' Guarneri 'del Ges\u00f9' violin 1732 poster - FOLDED VERSION","og_description":"'Armingaud, Fern\u00e1ndez Blanco' Guarneri 'del Ges\u00f9' violin 1732 poster FOLDED VERSION","og_url":"https:\/\/www.thestradshop.com\/store\/thestrad\/armingaud-fernandez-blanco-guarneri-del-gesu-violin-1732-poster-folded-version\/","og_site_name":"The Strad Shop","article_publisher":"http:\/\/www.facebook.com\/pages\/The-Strad\/261337077226434","article_modified_time":"2026-03-14T04:41:15+00:00","og_image":[{"width":800,"height":800,"url":"https:\/\/www.thestradshop.com\/store\/wp-content\/uploads\/2022\/07\/del-gusu-1732.jpg","type":"image\/jpeg"}],"twitter_card":"summary_large_image","twitter_site":"@TheStradMag","twitter_misc":{"Estimated reading time":"1 minute"},"schema":{"@context":"https:\/\/schema.org","@graph":[{"@type":"WebPage","@id":"https:\/\/www.thestradshop.com\/store\/thestrad\/armingaud-fernandez-blanco-guarneri-del-gesu-violin-1732-poster-folded-version\/","url":"https:\/\/www.thestradshop.com\/store\/thestrad\/armingaud-fernandez-blanco-guarneri-del-gesu-violin-1732-poster-folded-version\/","name":"'Armingaud, Fern\u00e1ndez Blanco' Guarneri 'del Ges\u00f9' violin 1732 poster - FOLDED VERSION","isPartOf":{"@id":"https:\/\/www.thestradshop.com\/store\/#website"},"primaryImageOfPage":{"@id":"https:\/\/www.thestradshop.com\/store\/thestrad\/armingaud-fernandez-blanco-guarneri-del-gesu-violin-1732-poster-folded-version\/#primaryimage"},"image":{"@id":"https:\/\/www.thestradshop.com\/store\/thestrad\/armingaud-fernandez-blanco-guarneri-del-gesu-violin-1732-poster-folded-version\/#primaryimage"},"thumbnailUrl":"https:\/\/www.thestradshop.com\/store\/wp-content\/uploads\/2022\/07\/del-gusu-1732.jpg","datePublished":"2022-07-15T14:16:27+00:00","dateModified":"2026-03-14T04:41:15+00:00","description":"'Armingaud, Fern\u00e1ndez Blanco' Guarneri 'del Ges\u00f9' violin 1732 poster FOLDED VERSION","breadcrumb":{"@id":"https:\/\/www.thestradshop.com\/store\/thestrad\/armingaud-fernandez-blanco-guarneri-del-gesu-violin-1732-poster-folded-version\/#breadcrumb"},"inLanguage":"en-GB","potentialAction":[{"@type":"ReadAction","target":["https:\/\/www.thestradshop.com\/store\/thestrad\/armingaud-fernandez-blanco-guarneri-del-gesu-violin-1732-poster-folded-version\/"]}]},{"@type":"ImageObject","inLanguage":"en-GB","@id":"https:\/\/www.thestradshop.com\/store\/thestrad\/armingaud-fernandez-blanco-guarneri-del-gesu-violin-1732-poster-folded-version\/#primaryimage","url":"https:\/\/www.thestradshop.com\/store\/wp-content\/uploads\/2022\/07\/del-gusu-1732.jpg","contentUrl":"https:\/\/www.thestradshop.com\/store\/wp-content\/uploads\/2022\/07\/del-gusu-1732.jpg","width":800,"height":800},{"@type":"BreadcrumbList","@id":"https:\/\/www.thestradshop.com\/store\/thestrad\/armingaud-fernandez-blanco-guarneri-del-gesu-violin-1732-poster-folded-version\/#breadcrumb","itemListElement":[{"@type":"ListItem","position":1,"name":"Home","item":"https:\/\/www.thestradshop.com\/store\/"},{"@type":"ListItem","position":2,"name":"Explore our shop","item":"https:\/\/www.thestradshop.com\/store\/"},{"@type":"ListItem","position":3,"name":"&#8216;Armingaud, Fern\u00e1ndez Blanco&#8217; Guarneri &#8216;del Ges\u00f9&#8217; violin 1732 poster &#8211; FOLDED VERSION"}]},{"@type":"WebSite","@id":"https:\/\/www.thestradshop.com\/store\/#website","url":"https:\/\/www.thestradshop.com\/store\/","name":"The Strad Shop","description":"The Strad","publisher":{"@id":"https:\/\/www.thestradshop.com\/store\/#organization"},"potentialAction":[{"@type":"SearchAction","target":{"@type":"EntryPoint","urlTemplate":"https:\/\/www.thestradshop.com\/store\/?s={search_term_string}"},"query-input":{"@type":"PropertyValueSpecification","valueRequired":true,"valueName":"search_term_string"}}],"inLanguage":"en-GB"},{"@type":"Organization","@id":"https:\/\/www.thestradshop.com\/store\/#organization","name":"The Strad","url":"https:\/\/www.thestradshop.com\/store\/","logo":{"@type":"ImageObject","inLanguage":"en-GB","@id":"https:\/\/www.thestradshop.com\/store\/#\/schema\/logo\/image\/","url":"https:\/\/www.thestradshop.com\/store\/wp-content\/uploads\/2023\/05\/the-strad-shop-maintenance.png","contentUrl":"https:\/\/www.thestradshop.com\/store\/wp-content\/uploads\/2023\/05\/the-strad-shop-maintenance.png","width":300,"height":62,"caption":"The Strad"},"image":{"@id":"https:\/\/www.thestradshop.com\/store\/#\/schema\/logo\/image\/"},"sameAs":["http:\/\/www.facebook.com\/pages\/The-Strad\/261337077226434","https:\/\/x.com\/TheStradMag","https:\/\/www.instagram.com\/the_strad_\/","https:\/\/uk.linkedin.com\/company\/the-strad"]}]}},"_links":{"self":[{"href":"https:\/\/www.thestradshop.com\/store\/wp-json\/wp\/v2\/product\/417","targetHints":{"allow":["GET"]}}],"collection":[{"href":"https:\/\/www.thestradshop.com\/store\/wp-json\/wp\/v2\/product"}],"about":[{"href":"https:\/\/www.thestradshop.com\/store\/wp-json\/wp\/v2\/types\/product"}],"replies":[{"embeddable":true,"href":"https:\/\/www.thestradshop.com\/store\/wp-json\/wp\/v2\/comments?post=417"}],"wp:featuredmedia":[{"embeddable":true,"href":"https:\/\/www.thestradshop.com\/store\/wp-json\/wp\/v2\/media\/530"}],"wp:attachment":[{"href":"https:\/\/www.thestradshop.com\/store\/wp-json\/wp\/v2\/media?parent=417"}],"wp:term":[{"taxonomy":"product_brand","embeddable":true,"href":"https:\/\/www.thestradshop.com\/store\/wp-json\/wp\/v2\/product_brand?post=417"},{"taxonomy":"product_cat","embeddable":true,"href":"https:\/\/www.thestradshop.com\/store\/wp-json\/wp\/v2\/product_cat?post=417"},{"taxonomy":"product_tag","embeddable":true,"href":"https:\/\/www.thestradshop.com\/store\/wp-json\/wp\/v2\/product_tag?post=417"}],"curies":[{"name":"wp","href":"https:\/\/api.w.org\/{rel}","templated":true}]}}