{"id":23,"date":"2022-08-10T15:46:00","date_gmt":"2022-08-10T14:46:00","guid":{"rendered":"https:\/\/dev.thestradshop.com\/store\/jost-thoene\/product\/jean-baptiste-vuillaume\/"},"modified":"2024-05-23T12:58:12","modified_gmt":"2024-05-23T11:58:12","slug":"jean-baptiste-vuillaume","status":"publish","type":"product","link":"https:\/\/www.thestradshop.com\/store\/jost-thoene\/product\/jean-baptiste-vuillaume\/","title":{"rendered":"Jean Baptiste Vuillaume"},"content":{"rendered":"<p>This splendid volume of different instruments built by the celebrated French master violin-maker Jean Baptiste Vuillaume, includes models by Stradivari, Guarneri, Maggini and Amati in life-size. The edition was put together to honour 200 years since the birth of Jean Baptiste Vuillaume, celebrated in the Cit\u00e9 de la Musique in Paris.<\/p>\n<blockquote><p>\u201cJean-Baptiste Vuillaume was just 19 years old when he arrived in Paris from his native town of Mirecourt. Trained in violin making by his father, he began an association with Nicolas- Antoine L\u00e9t\u00e9 and Fran\u00e7ois Chanot before establishing his own workshop in 1825. He would eventually become the most successful maker and dealer of the 19th century, famous not only for his bench copies of Italian violin masterpieces, but also for employing and nurturing most of the finest French bow makers of the time.\u201d<\/p>\n<p><strong>David Bonsey, September, 2018, The Strad<\/strong><\/p><\/blockquote>\n<p>The one-off work, produced and edited by Jost Thoene Verlag, includes a foreword by Bernard Millant, Christoph Landon and Serge Boyer as well as essays by Stefan-Peter Greiner and Florian Leonhard in German, English and French. CT and X-ray scans as well as exact measurements and labels is a unique masterpiece.<\/p>\n<p><strong>List of instruments<\/strong><\/p>\n<p>1825 Nr. 32 Stradivari model violin<br \/>\n1827 Nr. 63 Amati model violin inside view<br \/>\n1840 Nr. Stradivari model &#8220;Tzar N. De Russe&#8221; violin<br \/>\n1842 Nr. 1550 Stradivari model violin<br \/>\n1844 Nr. 1637 Guarneri model violin<br \/>\n1844 Nr. Stradivari model violoncello<br \/>\n1845 Nr. Guarneri model violin<br \/>\n1845 Nr. 1694 Amati model violin<br \/>\n1845 Nr. St. C\u00e9cile model violin<br \/>\n1847 Nr. 1778 Guarneri model violin<br \/>\n1848 Nr. Amati model &#8220;Conte Doria\u201c viola<br \/>\n1849 Nr. 337 St. C\u00e9cile model viola<br \/>\n1850 Nr. Maggini model viola<br \/>\n1850 Nr. Guarneri model violin X-Ray and measurement plate<br \/>\n1852 Nr. 1924 Stradivari model Violin<br \/>\n1856 Nr. 2209 Stradivari model \u201eEx Hubermann\u201c violin C-Ray and measurement plate<br \/>\n1860 Nr. Stradivari model \u201eEx Charlemagne\u201c violin<br \/>\n1862 Nr. 2348 Stradivari model violin<br \/>\n1863 Nr. 2494 Stradivari model viola<br \/>\n1863 Nr. 2517 Stradivari model \u201eEx Prinz Hanau\u201c Violin<br \/>\n1864 Nr. 2575 Stradivari model violoncello<br \/>\n1865 Nr. 2611 Stradivari model \u201eEx Prince C. De Chimay\u201c violin<br \/>\n1867 Nr. 2671 Stradivari model violin<br \/>\n1869 Nr. 2771 Guarneri model violin<br \/>\n1870 Nr. 2809 Stradivari model \u201eSt.Paul\u201c Violin<br \/>\n1874 Nr. 2990 Stradivari model \u201eEx Fournier\u201c<\/p>\n","protected":false},"excerpt":{"rendered":"<p>This splendid volume of different instruments built by the celebrated French master violin-maker Jean Baptiste Vuillaume, includes models by Stradivari,<\/p>\n","protected":false},"featured_media":56,"template":"","meta":[],"product_brand":[],"product_cat":[49,50,125,86,87],"product_tag":[],"class_list":{"0":"post-23","1":"product","2":"type-product","3":"status-publish","4":"has-post-thumbnail","6":"product_cat-lutherie","7":"product_cat-lutherie-books","8":"product_cat-merchant","9":"product_cat-violin","10":"product_cat-violin-books","11":"product_shipping_class-jost-throene-rate-1","13":"first","14":"instock","15":"purchasable","16":"product-type-simple"},"bundled_by":[],"bundle_stock_status":"instock","bundle_stock_quantity":null,"bundle_virtual":false,"bundle_layout":"","bundle_add_to_cart_form_location":"","bundle_editable_in_cart":false,"bundle_sold_individually_context":"","bundle_item_grouping":"","bundle_min_size":"","bundle_max_size":"","bundle_price":[],"bundled_items":[],"bundle_sell_ids":[],"yoast_head":"<!-- This site is optimized with the Yoast SEO plugin v27.2 - https:\/\/yoast.com\/product\/yoast-seo-wordpress\/ -->\n<title>Jean Baptiste Vuillaume - Jost Th\u00f6ne<\/title>\n<meta name=\"robots\" content=\"index, follow, max-snippet:-1, max-image-preview:large, max-video-preview:-1\" \/>\n<link rel=\"canonical\" href=\"https:\/\/www.thestradshop.com\/store\/jost-thoene\/product\/jean-baptiste-vuillaume\/\" \/>\n<meta property=\"og:locale\" content=\"en_GB\" \/>\n<meta property=\"og:type\" content=\"article\" \/>\n<meta property=\"og:title\" content=\"Jean Baptiste Vuillaume - Jost Th\u00f6ne\" \/>\n<meta property=\"og:description\" content=\"This splendid volume of different instruments built by the celebrated French master violin-maker Jean Baptiste Vuillaume, includes models by Stradivari,\" \/>\n<meta property=\"og:url\" content=\"https:\/\/www.thestradshop.com\/store\/jost-thoene\/product\/jean-baptiste-vuillaume\/\" \/>\n<meta property=\"og:site_name\" content=\"Jost Th\u00f6ne\" \/>\n<meta property=\"article:modified_time\" content=\"2024-05-23T11:58:12+00:00\" \/>\n<meta property=\"og:image\" content=\"https:\/\/www.thestradshop.com\/store\/jost-thoene\/wp-content\/uploads\/sites\/11\/2022\/08\/jean-baptiste-villaume.jpg\" \/>\n\t<meta property=\"og:image:width\" content=\"800\" \/>\n\t<meta property=\"og:image:height\" content=\"800\" \/>\n\t<meta property=\"og:image:type\" content=\"image\/jpeg\" \/>\n<meta name=\"twitter:card\" content=\"summary_large_image\" \/>\n<meta name=\"twitter:label1\" content=\"Estimated reading time\" \/>\n\t<meta name=\"twitter:data1\" content=\"2 minutes\" \/>\n<script type=\"application\/ld+json\" class=\"yoast-schema-graph\">{\"@context\":\"https:\/\/schema.org\",\"@graph\":[{\"@type\":\"WebPage\",\"@id\":\"https:\/\/www.thestradshop.com\/store\/jost-thoene\/product\/jean-baptiste-vuillaume\/\",\"url\":\"https:\/\/www.thestradshop.com\/store\/jost-thoene\/product\/jean-baptiste-vuillaume\/\",\"name\":\"Jean Baptiste Vuillaume - Jost Th\u00f6ne\",\"isPartOf\":{\"@id\":\"https:\/\/dev.thestradshop.com\/store\/jost-thoene\/#website\"},\"primaryImageOfPage\":{\"@id\":\"https:\/\/www.thestradshop.com\/store\/jost-thoene\/product\/jean-baptiste-vuillaume\/#primaryimage\"},\"image\":{\"@id\":\"https:\/\/www.thestradshop.com\/store\/jost-thoene\/product\/jean-baptiste-vuillaume\/#primaryimage\"},\"thumbnailUrl\":\"https:\/\/www.thestradshop.com\/store\/jost-thoene\/wp-content\/uploads\/sites\/11\/2022\/08\/jean-baptiste-villaume.jpg\",\"datePublished\":\"2022-08-10T14:46:00+00:00\",\"dateModified\":\"2024-05-23T11:58:12+00:00\",\"breadcrumb\":{\"@id\":\"https:\/\/www.thestradshop.com\/store\/jost-thoene\/product\/jean-baptiste-vuillaume\/#breadcrumb\"},\"inLanguage\":\"en-GB\",\"potentialAction\":[{\"@type\":\"ReadAction\",\"target\":[\"https:\/\/www.thestradshop.com\/store\/jost-thoene\/product\/jean-baptiste-vuillaume\/\"]}]},{\"@type\":\"ImageObject\",\"inLanguage\":\"en-GB\",\"@id\":\"https:\/\/www.thestradshop.com\/store\/jost-thoene\/product\/jean-baptiste-vuillaume\/#primaryimage\",\"url\":\"https:\/\/www.thestradshop.com\/store\/jost-thoene\/wp-content\/uploads\/sites\/11\/2022\/08\/jean-baptiste-villaume.jpg\",\"contentUrl\":\"https:\/\/www.thestradshop.com\/store\/jost-thoene\/wp-content\/uploads\/sites\/11\/2022\/08\/jean-baptiste-villaume.jpg\",\"width\":800,\"height\":800},{\"@type\":\"BreadcrumbList\",\"@id\":\"https:\/\/www.thestradshop.com\/store\/jost-thoene\/product\/jean-baptiste-vuillaume\/#breadcrumb\",\"itemListElement\":[{\"@type\":\"ListItem\",\"position\":1,\"name\":\"Home\",\"item\":\"https:\/\/dev.thestradshop.com\/store\/jost-thoene\/\"},{\"@type\":\"ListItem\",\"position\":2,\"name\":\"Shop\",\"item\":\"https:\/\/dev.thestradshop.com\/store\/jost-thoene\/\"},{\"@type\":\"ListItem\",\"position\":3,\"name\":\"Jean Baptiste Vuillaume\"}]},{\"@type\":\"WebSite\",\"@id\":\"https:\/\/dev.thestradshop.com\/store\/jost-thoene\/#website\",\"url\":\"https:\/\/dev.thestradshop.com\/store\/jost-thoene\/\",\"name\":\"Jost Th\u00f6ne\",\"description\":\"The Strad Shop\",\"potentialAction\":[{\"@type\":\"SearchAction\",\"target\":{\"@type\":\"EntryPoint\",\"urlTemplate\":\"https:\/\/dev.thestradshop.com\/store\/jost-thoene\/?s={search_term_string}\"},\"query-input\":{\"@type\":\"PropertyValueSpecification\",\"valueRequired\":true,\"valueName\":\"search_term_string\"}}],\"inLanguage\":\"en-GB\"}]}<\/script>\n<!-- \/ Yoast SEO plugin. -->","yoast_head_json":{"title":"Jean Baptiste Vuillaume - Jost Th\u00f6ne","robots":{"index":"index","follow":"follow","max-snippet":"max-snippet:-1","max-image-preview":"max-image-preview:large","max-video-preview":"max-video-preview:-1"},"canonical":"https:\/\/www.thestradshop.com\/store\/jost-thoene\/product\/jean-baptiste-vuillaume\/","og_locale":"en_GB","og_type":"article","og_title":"Jean Baptiste Vuillaume - Jost Th\u00f6ne","og_description":"This splendid volume of different instruments built by the celebrated French master violin-maker Jean Baptiste Vuillaume, includes models by Stradivari,","og_url":"https:\/\/www.thestradshop.com\/store\/jost-thoene\/product\/jean-baptiste-vuillaume\/","og_site_name":"Jost Th\u00f6ne","article_modified_time":"2024-05-23T11:58:12+00:00","og_image":[{"width":800,"height":800,"url":"https:\/\/www.thestradshop.com\/store\/jost-thoene\/wp-content\/uploads\/sites\/11\/2022\/08\/jean-baptiste-villaume.jpg","type":"image\/jpeg"}],"twitter_card":"summary_large_image","twitter_misc":{"Estimated reading time":"2 minutes"},"schema":{"@context":"https:\/\/schema.org","@graph":[{"@type":"WebPage","@id":"https:\/\/www.thestradshop.com\/store\/jost-thoene\/product\/jean-baptiste-vuillaume\/","url":"https:\/\/www.thestradshop.com\/store\/jost-thoene\/product\/jean-baptiste-vuillaume\/","name":"Jean Baptiste Vuillaume - Jost Th\u00f6ne","isPartOf":{"@id":"https:\/\/dev.thestradshop.com\/store\/jost-thoene\/#website"},"primaryImageOfPage":{"@id":"https:\/\/www.thestradshop.com\/store\/jost-thoene\/product\/jean-baptiste-vuillaume\/#primaryimage"},"image":{"@id":"https:\/\/www.thestradshop.com\/store\/jost-thoene\/product\/jean-baptiste-vuillaume\/#primaryimage"},"thumbnailUrl":"https:\/\/www.thestradshop.com\/store\/jost-thoene\/wp-content\/uploads\/sites\/11\/2022\/08\/jean-baptiste-villaume.jpg","datePublished":"2022-08-10T14:46:00+00:00","dateModified":"2024-05-23T11:58:12+00:00","breadcrumb":{"@id":"https:\/\/www.thestradshop.com\/store\/jost-thoene\/product\/jean-baptiste-vuillaume\/#breadcrumb"},"inLanguage":"en-GB","potentialAction":[{"@type":"ReadAction","target":["https:\/\/www.thestradshop.com\/store\/jost-thoene\/product\/jean-baptiste-vuillaume\/"]}]},{"@type":"ImageObject","inLanguage":"en-GB","@id":"https:\/\/www.thestradshop.com\/store\/jost-thoene\/product\/jean-baptiste-vuillaume\/#primaryimage","url":"https:\/\/www.thestradshop.com\/store\/jost-thoene\/wp-content\/uploads\/sites\/11\/2022\/08\/jean-baptiste-villaume.jpg","contentUrl":"https:\/\/www.thestradshop.com\/store\/jost-thoene\/wp-content\/uploads\/sites\/11\/2022\/08\/jean-baptiste-villaume.jpg","width":800,"height":800},{"@type":"BreadcrumbList","@id":"https:\/\/www.thestradshop.com\/store\/jost-thoene\/product\/jean-baptiste-vuillaume\/#breadcrumb","itemListElement":[{"@type":"ListItem","position":1,"name":"Home","item":"https:\/\/dev.thestradshop.com\/store\/jost-thoene\/"},{"@type":"ListItem","position":2,"name":"Shop","item":"https:\/\/dev.thestradshop.com\/store\/jost-thoene\/"},{"@type":"ListItem","position":3,"name":"Jean Baptiste Vuillaume"}]},{"@type":"WebSite","@id":"https:\/\/dev.thestradshop.com\/store\/jost-thoene\/#website","url":"https:\/\/dev.thestradshop.com\/store\/jost-thoene\/","name":"Jost Th\u00f6ne","description":"The Strad Shop","potentialAction":[{"@type":"SearchAction","target":{"@type":"EntryPoint","urlTemplate":"https:\/\/dev.thestradshop.com\/store\/jost-thoene\/?s={search_term_string}"},"query-input":{"@type":"PropertyValueSpecification","valueRequired":true,"valueName":"search_term_string"}}],"inLanguage":"en-GB"}]}},"_links":{"self":[{"href":"https:\/\/www.thestradshop.com\/store\/jost-thoene\/wp-json\/wp\/v2\/product\/23","targetHints":{"allow":["GET"]}}],"collection":[{"href":"https:\/\/www.thestradshop.com\/store\/jost-thoene\/wp-json\/wp\/v2\/product"}],"about":[{"href":"https:\/\/www.thestradshop.com\/store\/jost-thoene\/wp-json\/wp\/v2\/types\/product"}],"wp:featuredmedia":[{"embeddable":true,"href":"https:\/\/www.thestradshop.com\/store\/jost-thoene\/wp-json\/wp\/v2\/media\/56"}],"wp:attachment":[{"href":"https:\/\/www.thestradshop.com\/store\/jost-thoene\/wp-json\/wp\/v2\/media?parent=23"}],"wp:term":[{"taxonomy":"product_brand","embeddable":true,"href":"https:\/\/www.thestradshop.com\/store\/jost-thoene\/wp-json\/wp\/v2\/product_brand?post=23"},{"taxonomy":"product_cat","embeddable":true,"href":"https:\/\/www.thestradshop.com\/store\/jost-thoene\/wp-json\/wp\/v2\/product_cat?post=23"},{"taxonomy":"product_tag","embeddable":true,"href":"https:\/\/www.thestradshop.com\/store\/jost-thoene\/wp-json\/wp\/v2\/product_tag?post=23"}],"curies":[{"name":"wp","href":"https:\/\/api.w.org\/{rel}","templated":true}]}}