{"id":47,"date":"2022-08-01T15:47:02","date_gmt":"2022-08-01T14:47:02","guid":{"rendered":"https:\/\/dev.thestradshop.com\/store\/amazon\/products\/biber-fidicinium-sacro-profanum-sonaten-nurnberg-1683\/"},"modified":"2022-08-11T12:40:41","modified_gmt":"2022-08-11T11:40:41","slug":"biber-fidicinium-sacro-profanum-sonaten-nurnberg-1683","status":"publish","type":"product","link":"https:\/\/www.thestradshop.com\/store\/amazon\/product\/biber-fidicinium-sacro-profanum-sonaten-nurnberg-1683\/","title":{"rendered":"Biber: Fidicinium Sacro-Profanum &#8211; Sonaten N\u00fcrnberg 1683"},"content":{"rendered":"<p>Disk: 1<br \/>\nSonata I in B minor 1. Sonata I in B minor<br \/>\nSonata II in F major 2. Sonata II in F major<br \/>\nSonata III in D minor 3. Sonata III in D minor<br \/>\nSonata IV in G minor 4. Sonata IV in G minor<br \/>\nSonata V in C major 5. Sonata V in C major<br \/>\nSonata VI in A minor 6. Sonata VI in A minor<br \/>\nToccata Duodecima &#8211; Francesco Corti 7. Toccata Duodecima &#8211; Francesco Corti<br \/>\nSonata VII in D major 8. Sonata VII in D major<br \/>\nSonata VIII in B flat major 9. Sonata VIII in B flat major<br \/>\nSonata IX in G major 10. Sonata IX in G major<br \/>\nSonata X in E major 11. Sonata X in E major<br \/>\nSonata XI in C minor 12. Sonata XI in C minor<br \/>\nSonata XII in A major 13. Sonata XII in A major<\/p>\n<p>&nbsp;<\/p>\n","protected":false},"excerpt":{"rendered":"<p>Florian Deuter (K\u00fcnstler, Dirigent, K\u00fcnstler), Harmonie Universelle (K\u00fcnstler, Orchester), Heinrich I. F. Biber (Komponist), Monica Waisman (Dirigent)<\/p>\n","protected":false},"featured_media":108,"comment_status":"open","ping_status":"closed","template":"","meta":[],"product_brand":[],"product_cat":[22,73,78],"product_tag":[],"class_list":{"0":"post-47","1":"product","2":"type-product","3":"status-publish","4":"has-post-thumbnail","6":"product_cat-other-cds","7":"product_cat-playing","8":"product_cat-teaching","10":"first","11":"instock","12":"product-type-external"},"bundled_by":[],"bundle_stock_status":"instock","bundle_stock_quantity":null,"bundle_virtual":false,"bundle_layout":"","bundle_add_to_cart_form_location":"","bundle_editable_in_cart":false,"bundle_sold_individually_context":"","bundle_item_grouping":"","bundle_min_size":"","bundle_max_size":"","bundle_price":[],"bundled_items":[],"bundle_sell_ids":[],"yoast_head":"<!-- This site is optimized with the Yoast SEO plugin v27.2 - https:\/\/yoast.com\/product\/yoast-seo-wordpress\/ -->\n<title>Biber: Fidicinium Sacro-Profanum - Sonaten N\u00fcrnberg 1683 - Amazon<\/title>\n<meta name=\"robots\" content=\"index, follow, max-snippet:-1, max-image-preview:large, max-video-preview:-1\" \/>\n<link rel=\"canonical\" href=\"https:\/\/dev.thestradshop.com\/store\/amazon\/product\/biber-fidicinium-sacro-profanum-sonaten-nurnberg-1683\/\" \/>\n<meta property=\"og:locale\" content=\"en_GB\" \/>\n<meta property=\"og:type\" content=\"article\" \/>\n<meta property=\"og:title\" content=\"Biber: Fidicinium Sacro-Profanum - Sonaten N\u00fcrnberg 1683 - Amazon\" \/>\n<meta property=\"og:description\" content=\"Florian Deuter (K\u00fcnstler, Dirigent, K\u00fcnstler), Harmonie Universelle (K\u00fcnstler, Orchester), Heinrich I. F. Biber (Komponist), Monica Waisman (Dirigent)\" \/>\n<meta property=\"og:url\" content=\"https:\/\/dev.thestradshop.com\/store\/amazon\/product\/biber-fidicinium-sacro-profanum-sonaten-nurnberg-1683\/\" \/>\n<meta property=\"og:site_name\" content=\"Amazon\" \/>\n<meta property=\"article:modified_time\" content=\"2022-08-11T11:40:41+00:00\" \/>\n<meta property=\"og:image\" content=\"https:\/\/dev.thestradshop.com\/store\/amazon\/wp-content\/uploads\/sites\/17\/2022\/08\/Biber-Fidicinium-Sacro-Profanum-Sonaten-Nurnberg-1683.jpg\" \/>\n\t<meta property=\"og:image:width\" content=\"1200\" \/>\n\t<meta property=\"og:image:height\" content=\"1070\" \/>\n\t<meta property=\"og:image:type\" content=\"image\/jpeg\" \/>\n<meta name=\"twitter:card\" content=\"summary_large_image\" \/>\n<meta name=\"twitter:label1\" content=\"Estimated reading time\" \/>\n\t<meta name=\"twitter:data1\" content=\"1 minute\" \/>\n<script type=\"application\/ld+json\" class=\"yoast-schema-graph\">{\"@context\":\"https:\/\/schema.org\",\"@graph\":[{\"@type\":\"WebPage\",\"@id\":\"https:\/\/dev.thestradshop.com\/store\/amazon\/product\/biber-fidicinium-sacro-profanum-sonaten-nurnberg-1683\/\",\"url\":\"https:\/\/dev.thestradshop.com\/store\/amazon\/product\/biber-fidicinium-sacro-profanum-sonaten-nurnberg-1683\/\",\"name\":\"Biber: Fidicinium Sacro-Profanum - Sonaten N\u00fcrnberg 1683 - Amazon\",\"isPartOf\":{\"@id\":\"https:\/\/dev.thestradshop.com\/store\/amazon\/#website\"},\"primaryImageOfPage\":{\"@id\":\"https:\/\/dev.thestradshop.com\/store\/amazon\/product\/biber-fidicinium-sacro-profanum-sonaten-nurnberg-1683\/#primaryimage\"},\"image\":{\"@id\":\"https:\/\/dev.thestradshop.com\/store\/amazon\/product\/biber-fidicinium-sacro-profanum-sonaten-nurnberg-1683\/#primaryimage\"},\"thumbnailUrl\":\"https:\/\/www.thestradshop.com\/store\/amazon\/wp-content\/uploads\/sites\/17\/2022\/08\/Biber-Fidicinium-Sacro-Profanum-Sonaten-Nurnberg-1683.jpg\",\"datePublished\":\"2022-08-01T14:47:02+00:00\",\"dateModified\":\"2022-08-11T11:40:41+00:00\",\"breadcrumb\":{\"@id\":\"https:\/\/dev.thestradshop.com\/store\/amazon\/product\/biber-fidicinium-sacro-profanum-sonaten-nurnberg-1683\/#breadcrumb\"},\"inLanguage\":\"en-GB\",\"potentialAction\":[{\"@type\":\"ReadAction\",\"target\":[\"https:\/\/dev.thestradshop.com\/store\/amazon\/product\/biber-fidicinium-sacro-profanum-sonaten-nurnberg-1683\/\"]}]},{\"@type\":\"ImageObject\",\"inLanguage\":\"en-GB\",\"@id\":\"https:\/\/dev.thestradshop.com\/store\/amazon\/product\/biber-fidicinium-sacro-profanum-sonaten-nurnberg-1683\/#primaryimage\",\"url\":\"https:\/\/www.thestradshop.com\/store\/amazon\/wp-content\/uploads\/sites\/17\/2022\/08\/Biber-Fidicinium-Sacro-Profanum-Sonaten-Nurnberg-1683.jpg\",\"contentUrl\":\"https:\/\/www.thestradshop.com\/store\/amazon\/wp-content\/uploads\/sites\/17\/2022\/08\/Biber-Fidicinium-Sacro-Profanum-Sonaten-Nurnberg-1683.jpg\",\"width\":1200,\"height\":1070},{\"@type\":\"BreadcrumbList\",\"@id\":\"https:\/\/dev.thestradshop.com\/store\/amazon\/product\/biber-fidicinium-sacro-profanum-sonaten-nurnberg-1683\/#breadcrumb\",\"itemListElement\":[{\"@type\":\"ListItem\",\"position\":1,\"name\":\"Home\",\"item\":\"https:\/\/dev.thestradshop.com\/store\/amazon\/\"},{\"@type\":\"ListItem\",\"position\":2,\"name\":\"Shop\",\"item\":\"https:\/\/dev.thestradshop.com\/store\/amazon\/\"},{\"@type\":\"ListItem\",\"position\":3,\"name\":\"Biber: Fidicinium Sacro-Profanum &#8211; Sonaten N\u00fcrnberg 1683\"}]},{\"@type\":\"WebSite\",\"@id\":\"https:\/\/dev.thestradshop.com\/store\/amazon\/#website\",\"url\":\"https:\/\/dev.thestradshop.com\/store\/amazon\/\",\"name\":\"Amazon\",\"description\":\"The Strad Shop\",\"potentialAction\":[{\"@type\":\"SearchAction\",\"target\":{\"@type\":\"EntryPoint\",\"urlTemplate\":\"https:\/\/dev.thestradshop.com\/store\/amazon\/?s={search_term_string}\"},\"query-input\":{\"@type\":\"PropertyValueSpecification\",\"valueRequired\":true,\"valueName\":\"search_term_string\"}}],\"inLanguage\":\"en-GB\"}]}<\/script>\n<!-- \/ Yoast SEO plugin. -->","yoast_head_json":{"title":"Biber: Fidicinium Sacro-Profanum - Sonaten N\u00fcrnberg 1683 - Amazon","robots":{"index":"index","follow":"follow","max-snippet":"max-snippet:-1","max-image-preview":"max-image-preview:large","max-video-preview":"max-video-preview:-1"},"canonical":"https:\/\/dev.thestradshop.com\/store\/amazon\/product\/biber-fidicinium-sacro-profanum-sonaten-nurnberg-1683\/","og_locale":"en_GB","og_type":"article","og_title":"Biber: Fidicinium Sacro-Profanum - Sonaten N\u00fcrnberg 1683 - Amazon","og_description":"Florian Deuter (K\u00fcnstler, Dirigent, K\u00fcnstler), Harmonie Universelle (K\u00fcnstler, Orchester), Heinrich I. F. Biber (Komponist), Monica Waisman (Dirigent)","og_url":"https:\/\/dev.thestradshop.com\/store\/amazon\/product\/biber-fidicinium-sacro-profanum-sonaten-nurnberg-1683\/","og_site_name":"Amazon","article_modified_time":"2022-08-11T11:40:41+00:00","og_image":[{"width":1200,"height":1070,"url":"https:\/\/dev.thestradshop.com\/store\/amazon\/wp-content\/uploads\/sites\/17\/2022\/08\/Biber-Fidicinium-Sacro-Profanum-Sonaten-Nurnberg-1683.jpg","type":"image\/jpeg"}],"twitter_card":"summary_large_image","twitter_misc":{"Estimated reading time":"1 minute"},"schema":{"@context":"https:\/\/schema.org","@graph":[{"@type":"WebPage","@id":"https:\/\/dev.thestradshop.com\/store\/amazon\/product\/biber-fidicinium-sacro-profanum-sonaten-nurnberg-1683\/","url":"https:\/\/dev.thestradshop.com\/store\/amazon\/product\/biber-fidicinium-sacro-profanum-sonaten-nurnberg-1683\/","name":"Biber: Fidicinium Sacro-Profanum - Sonaten N\u00fcrnberg 1683 - Amazon","isPartOf":{"@id":"https:\/\/dev.thestradshop.com\/store\/amazon\/#website"},"primaryImageOfPage":{"@id":"https:\/\/dev.thestradshop.com\/store\/amazon\/product\/biber-fidicinium-sacro-profanum-sonaten-nurnberg-1683\/#primaryimage"},"image":{"@id":"https:\/\/dev.thestradshop.com\/store\/amazon\/product\/biber-fidicinium-sacro-profanum-sonaten-nurnberg-1683\/#primaryimage"},"thumbnailUrl":"https:\/\/www.thestradshop.com\/store\/amazon\/wp-content\/uploads\/sites\/17\/2022\/08\/Biber-Fidicinium-Sacro-Profanum-Sonaten-Nurnberg-1683.jpg","datePublished":"2022-08-01T14:47:02+00:00","dateModified":"2022-08-11T11:40:41+00:00","breadcrumb":{"@id":"https:\/\/dev.thestradshop.com\/store\/amazon\/product\/biber-fidicinium-sacro-profanum-sonaten-nurnberg-1683\/#breadcrumb"},"inLanguage":"en-GB","potentialAction":[{"@type":"ReadAction","target":["https:\/\/dev.thestradshop.com\/store\/amazon\/product\/biber-fidicinium-sacro-profanum-sonaten-nurnberg-1683\/"]}]},{"@type":"ImageObject","inLanguage":"en-GB","@id":"https:\/\/dev.thestradshop.com\/store\/amazon\/product\/biber-fidicinium-sacro-profanum-sonaten-nurnberg-1683\/#primaryimage","url":"https:\/\/www.thestradshop.com\/store\/amazon\/wp-content\/uploads\/sites\/17\/2022\/08\/Biber-Fidicinium-Sacro-Profanum-Sonaten-Nurnberg-1683.jpg","contentUrl":"https:\/\/www.thestradshop.com\/store\/amazon\/wp-content\/uploads\/sites\/17\/2022\/08\/Biber-Fidicinium-Sacro-Profanum-Sonaten-Nurnberg-1683.jpg","width":1200,"height":1070},{"@type":"BreadcrumbList","@id":"https:\/\/dev.thestradshop.com\/store\/amazon\/product\/biber-fidicinium-sacro-profanum-sonaten-nurnberg-1683\/#breadcrumb","itemListElement":[{"@type":"ListItem","position":1,"name":"Home","item":"https:\/\/dev.thestradshop.com\/store\/amazon\/"},{"@type":"ListItem","position":2,"name":"Shop","item":"https:\/\/dev.thestradshop.com\/store\/amazon\/"},{"@type":"ListItem","position":3,"name":"Biber: Fidicinium Sacro-Profanum &#8211; Sonaten N\u00fcrnberg 1683"}]},{"@type":"WebSite","@id":"https:\/\/dev.thestradshop.com\/store\/amazon\/#website","url":"https:\/\/dev.thestradshop.com\/store\/amazon\/","name":"Amazon","description":"The Strad Shop","potentialAction":[{"@type":"SearchAction","target":{"@type":"EntryPoint","urlTemplate":"https:\/\/dev.thestradshop.com\/store\/amazon\/?s={search_term_string}"},"query-input":{"@type":"PropertyValueSpecification","valueRequired":true,"valueName":"search_term_string"}}],"inLanguage":"en-GB"}]}},"_links":{"self":[{"href":"https:\/\/www.thestradshop.com\/store\/amazon\/wp-json\/wp\/v2\/product\/47","targetHints":{"allow":["GET"]}}],"collection":[{"href":"https:\/\/www.thestradshop.com\/store\/amazon\/wp-json\/wp\/v2\/product"}],"about":[{"href":"https:\/\/www.thestradshop.com\/store\/amazon\/wp-json\/wp\/v2\/types\/product"}],"replies":[{"embeddable":true,"href":"https:\/\/www.thestradshop.com\/store\/amazon\/wp-json\/wp\/v2\/comments?post=47"}],"wp:featuredmedia":[{"embeddable":true,"href":"https:\/\/www.thestradshop.com\/store\/amazon\/wp-json\/wp\/v2\/media\/108"}],"wp:attachment":[{"href":"https:\/\/www.thestradshop.com\/store\/amazon\/wp-json\/wp\/v2\/media?parent=47"}],"wp:term":[{"taxonomy":"product_brand","embeddable":true,"href":"https:\/\/www.thestradshop.com\/store\/amazon\/wp-json\/wp\/v2\/product_brand?post=47"},{"taxonomy":"product_cat","embeddable":true,"href":"https:\/\/www.thestradshop.com\/store\/amazon\/wp-json\/wp\/v2\/product_cat?post=47"},{"taxonomy":"product_tag","embeddable":true,"href":"https:\/\/www.thestradshop.com\/store\/amazon\/wp-json\/wp\/v2\/product_tag?post=47"}],"curies":[{"name":"wp","href":"https:\/\/api.w.org\/{rel}","templated":true}]}}